{"id":61,"date":"2024-01-18T17:14:31","date_gmt":"2024-01-18T17:14:31","guid":{"rendered":"https:\/\/www.schwarz-transport.cz\/zasady-ochrany-osobnich-udaju\/"},"modified":"2024-07-23T10:54:23","modified_gmt":"2024-07-23T10:54:23","slug":"zasady-ochrany-osobnich-udaju","status":"publish","type":"page","link":"https:\/\/www.schwarz-transport.cz\/en\/zasady-ochrany-osobnich-udaju\/","title":{"rendered":"Privacy policy"},"content":{"rendered":"<div data-elementor-type=\"wp-page\" data-elementor-id=\"61\" class=\"elementor elementor-61\" data-elementor-post-type=\"page\">\n\t\t\t\t<div class=\"elementor-element elementor-element-42d948eb e-flex e-con-boxed e-con e-parent\" data-id=\"42d948eb\" data-element_type=\"container\">\n\t\t\t\t\t<div class=\"e-con-inner\">\n\t\t\t\t<div class=\"elementor-element elementor-element-4fb20ccc elementor-widget elementor-widget-heading\" data-id=\"4fb20ccc\" data-element_type=\"widget\" data-widget_type=\"heading.default\">\n\t\t\t\t<div class=\"elementor-widget-container\">\n\t\t\t\t\t<h2 class=\"elementor-heading-title elementor-size-default\">Privacy policy<\/h2>\t\t\t\t<\/div>\n\t\t\t\t<\/div>\n\t\t\t\t\t<\/div>\n\t\t\t\t<\/div>\n\t\t<div class=\"elementor-element elementor-element-2a0063e5 e-flex e-con-boxed e-con e-parent\" data-id=\"2a0063e5\" data-element_type=\"container\">\n\t\t\t\t\t<div class=\"e-con-inner\">\n\t\t\t\t<div class=\"elementor-element elementor-element-7faa5a30 elementor-widget elementor-widget-text-editor\" data-id=\"7faa5a30\" data-element_type=\"widget\" data-widget_type=\"text-editor.default\">\n\t\t\t\t<div class=\"elementor-widget-container\">\n\t\t\t\t\t\t\t\t\t<p>1. Schwarz-Transport, Ltd., with its registered office at Jakubsk\u00e9 n\u00e1m\u011bst\u00ed 109\/1, Brno-city, 602 00 Brno, registered at the Regional Court in Brno, file number C 75831, processes the following personal data in the case of a response to a query submitted via the contact form on email in accordance with the Regulation of the European Parliament and the Council (EU) No. 2016\/679 on the protection of natural persons with regard to the processing of personal data and on the free movement of such data, and repealing Directive 95\/46\/EC (General Data Protection Regulation) (formerly and hereinafter referred to as \"Regulation\"):<\/p><ul><li>name and surname,<\/li><li>email,<\/li><li>and telefon number.<\/li><\/ul><p>\u00a0<\/p><p>2. Name, surname, email, and telephone number are necessary to process for responding to a query submitted via the contact form. These personal data will be processed by Schwarz-Transport, Ltd. for a period of 6 months.<\/p><p>\u00a0<\/p><p>3. The processing of personal data is carried out by Schwarz-Transport, Ltd., thus the data controller.<\/p><p>\u00a0<\/p><p>4. Please be aware that, according to the data protection law, you have the right to:<\/p><ul><li>request information from us on which of your personal data we process,<\/li><li>request an explanation from us regarding the processing of personal data,<\/li><li>request access to these data from us and have them updated or corrected,<\/li><li>request the deletion of these personal data from us\u2014however, this deletion will result in the termination of the contract negotiations,<\/li><li>in case of doubts about the compliance with obligations related to the processing of personal data, contact us or the Office for Personal Data Protection.<\/li><\/ul>\t\t\t\t\t\t\t\t<\/div>\n\t\t\t\t<\/div>\n\t\t\t\t\t<\/div>\n\t\t\t\t<\/div>\n\t\t<div class=\"elementor-element elementor-element-22b2df5 e-flex e-con-boxed e-con e-parent\" data-id=\"22b2df5\" data-element_type=\"container\">\n\t\t\t\t\t<div class=\"e-con-inner\">\n\t\t\t\t<div class=\"elementor-element elementor-element-f410b81 elementor-widget elementor-widget-spacer\" data-id=\"f410b81\" data-element_type=\"widget\" data-widget_type=\"spacer.default\">\n\t\t\t\t<div class=\"elementor-widget-container\">\n\t\t\t\t\t\t\t<div class=\"elementor-spacer\">\n\t\t\t<div class=\"elementor-spacer-inner\"><\/div>\n\t\t<\/div>\n\t\t\t\t\t\t<\/div>\n\t\t\t\t<\/div>\n\t\t\t\t\t<\/div>\n\t\t\t\t<\/div>\n\t\t\t\t<\/div>","protected":false},"excerpt":{"rendered":"<p>Z\u00e1sady ochrany osobn\u00edch \u00fadaj\u016f 1. Schwarz-Transport, s.r.o., se s\u00eddlem Jakubsk\u00e9 n\u00e1m\u011bst\u00ed 109\/1, Brno-m\u011bsto, 602 00 Brno, zapsan\u00e1 u Krajsk\u00e9ho soudu v Brn\u011b, spisovn\u00e1 zna\u010dka C 75831 zpracov\u00e1v\u00e1 v p\u0159\u00edpad\u011b odpov\u011bdi na dotaz podan\u00fd pomoc\u00ed kontaktn\u00edho formul\u00e1\u0159e na email ve smyslu na\u0159\u00edzen\u00ed Evropsk\u00e9ho parlamentu a Rady (EU) \u010d. 2016\/679 o ochran\u011b fyzick\u00fdch osob v souvislosti se [&hellip;]<\/p>","protected":false},"author":1,"featured_media":0,"parent":0,"menu_order":0,"comment_status":"closed","ping_status":"closed","template":"","meta":{"inline_featured_image":false,"footnotes":""},"class_list":["post-61","page","type-page","status-publish","hentry"],"yoast_head":"<!-- This site is optimized with the Yoast SEO plugin v26.0 - https:\/\/yoast.com\/wordpress\/plugins\/seo\/ -->\n<title>Z\u00e1sady ochrany osobn\u00edch \u00fadaj\u016f - Schwarz-transport s.r.o.<\/title>\n<meta name=\"robots\" content=\"index, follow, max-snippet:-1, max-image-preview:large, max-video-preview:-1\" \/>\n<link rel=\"canonical\" href=\"https:\/\/www.schwarz-transport.cz\/en\/zasady-ochrany-osobnich-udaju\/\" \/>\n<meta property=\"og:locale\" content=\"en_GB\" \/>\n<meta property=\"og:type\" content=\"article\" \/>\n<meta property=\"og:title\" content=\"Z\u00e1sady ochrany osobn\u00edch \u00fadaj\u016f - Schwarz-transport s.r.o.\" \/>\n<meta property=\"og:description\" content=\"Z\u00e1sady ochrany osobn\u00edch \u00fadaj\u016f 1. Schwarz-Transport, s.r.o., se s\u00eddlem Jakubsk\u00e9 n\u00e1m\u011bst\u00ed 109\/1, Brno-m\u011bsto, 602 00 Brno, zapsan\u00e1 u Krajsk\u00e9ho soudu v Brn\u011b, spisovn\u00e1 zna\u010dka C 75831 zpracov\u00e1v\u00e1 v p\u0159\u00edpad\u011b odpov\u011bdi na dotaz podan\u00fd pomoc\u00ed kontaktn\u00edho formul\u00e1\u0159e na email ve smyslu na\u0159\u00edzen\u00ed Evropsk\u00e9ho parlamentu a Rady (EU) \u010d. 2016\/679 o ochran\u011b fyzick\u00fdch osob v souvislosti se [&hellip;]\" \/>\n<meta property=\"og:url\" content=\"https:\/\/www.schwarz-transport.cz\/en\/zasady-ochrany-osobnich-udaju\/\" \/>\n<meta property=\"og:site_name\" content=\"Schwarz-transport s.r.o.\" \/>\n<meta property=\"article:modified_time\" content=\"2024-07-23T10:54:23+00:00\" \/>\n<meta name=\"twitter:card\" content=\"summary_large_image\" \/>\n<meta name=\"twitter:label1\" content=\"Estimated reading time\" \/>\n\t<meta name=\"twitter:data1\" content=\"2 minutes\" \/>\n<script type=\"application\/ld+json\" class=\"yoast-schema-graph\">{\"@context\":\"https:\/\/schema.org\",\"@graph\":[{\"@type\":\"WebPage\",\"@id\":\"https:\/\/www.schwarz-transport.cz\/zasady-ochrany-osobnich-udaju\/\",\"url\":\"https:\/\/www.schwarz-transport.cz\/zasady-ochrany-osobnich-udaju\/\",\"name\":\"Z\u00e1sady ochrany osobn\u00edch \u00fadaj\u016f - Schwarz-transport s.r.o.\",\"isPartOf\":{\"@id\":\"https:\/\/www.schwarz-transport.cz\/#website\"},\"datePublished\":\"2024-01-18T17:14:31+00:00\",\"dateModified\":\"2024-07-23T10:54:23+00:00\",\"breadcrumb\":{\"@id\":\"https:\/\/www.schwarz-transport.cz\/zasady-ochrany-osobnich-udaju\/#breadcrumb\"},\"inLanguage\":\"en-GB\",\"potentialAction\":[{\"@type\":\"ReadAction\",\"target\":[\"https:\/\/www.schwarz-transport.cz\/zasady-ochrany-osobnich-udaju\/\"]}]},{\"@type\":\"BreadcrumbList\",\"@id\":\"https:\/\/www.schwarz-transport.cz\/zasady-ochrany-osobnich-udaju\/#breadcrumb\",\"itemListElement\":[{\"@type\":\"ListItem\",\"position\":1,\"name\":\"Dom\u016f\",\"item\":\"https:\/\/www.schwarz-transport.cz\/\"},{\"@type\":\"ListItem\",\"position\":2,\"name\":\"Z\u00e1sady ochrany osobn\u00edch \u00fadaj\u016f\"}]},{\"@type\":\"WebSite\",\"@id\":\"https:\/\/www.schwarz-transport.cz\/#website\",\"url\":\"https:\/\/www.schwarz-transport.cz\/\",\"name\":\"Schwarz-transport s.r.o.\",\"description\":\"Schwarz-Transport s.r.o. \u2013 Spolehliv\u00e1 mezin\u00e1rodn\u00ed i vnitrost\u00e1tn\u00ed doprava, logistika a skladov\u00e1n\u00ed s d\u016frazem na rychlost, bezpe\u010dnost a flexibilitu.\",\"publisher\":{\"@id\":\"https:\/\/www.schwarz-transport.cz\/#organization\"},\"potentialAction\":[{\"@type\":\"SearchAction\",\"target\":{\"@type\":\"EntryPoint\",\"urlTemplate\":\"https:\/\/www.schwarz-transport.cz\/?s={search_term_string}\"},\"query-input\":{\"@type\":\"PropertyValueSpecification\",\"valueRequired\":true,\"valueName\":\"search_term_string\"}}],\"inLanguage\":\"en-GB\"},{\"@type\":\"Organization\",\"@id\":\"https:\/\/www.schwarz-transport.cz\/#organization\",\"name\":\"Schwarz-transport s.r.o.\",\"url\":\"https:\/\/www.schwarz-transport.cz\/\",\"logo\":{\"@type\":\"ImageObject\",\"inLanguage\":\"en-GB\",\"@id\":\"https:\/\/www.schwarz-transport.cz\/#\/schema\/logo\/image\/\",\"url\":\"https:\/\/www.schwarz-transport.cz\/wp-content\/uploads\/2024\/01\/SCHWRZ-TRANSPOR-logo_CMYK_cerne.svg\",\"contentUrl\":\"https:\/\/www.schwarz-transport.cz\/wp-content\/uploads\/2024\/01\/SCHWRZ-TRANSPOR-logo_CMYK_cerne.svg\",\"width\":714,\"height\":153,\"caption\":\"Schwarz-transport s.r.o.\"},\"image\":{\"@id\":\"https:\/\/www.schwarz-transport.cz\/#\/schema\/logo\/image\/\"}}]}<\/script>\n<!-- \/ Yoast SEO plugin. -->","yoast_head_json":{"title":"Z\u00e1sady ochrany osobn\u00edch \u00fadaj\u016f - Schwarz-transport s.r.o.","robots":{"index":"index","follow":"follow","max-snippet":"max-snippet:-1","max-image-preview":"max-image-preview:large","max-video-preview":"max-video-preview:-1"},"canonical":"https:\/\/www.schwarz-transport.cz\/en\/zasady-ochrany-osobnich-udaju\/","og_locale":"en_GB","og_type":"article","og_title":"Z\u00e1sady ochrany osobn\u00edch \u00fadaj\u016f - Schwarz-transport s.r.o.","og_description":"Z\u00e1sady ochrany osobn\u00edch \u00fadaj\u016f 1. Schwarz-Transport, s.r.o., se s\u00eddlem Jakubsk\u00e9 n\u00e1m\u011bst\u00ed 109\/1, Brno-m\u011bsto, 602 00 Brno, zapsan\u00e1 u Krajsk\u00e9ho soudu v Brn\u011b, spisovn\u00e1 zna\u010dka C 75831 zpracov\u00e1v\u00e1 v p\u0159\u00edpad\u011b odpov\u011bdi na dotaz podan\u00fd pomoc\u00ed kontaktn\u00edho formul\u00e1\u0159e na email ve smyslu na\u0159\u00edzen\u00ed Evropsk\u00e9ho parlamentu a Rady (EU) \u010d. 2016\/679 o ochran\u011b fyzick\u00fdch osob v souvislosti se [&hellip;]","og_url":"https:\/\/www.schwarz-transport.cz\/en\/zasady-ochrany-osobnich-udaju\/","og_site_name":"Schwarz-transport s.r.o.","article_modified_time":"2024-07-23T10:54:23+00:00","twitter_card":"summary_large_image","twitter_misc":{"Estimated reading time":"2 minutes"},"schema":{"@context":"https:\/\/schema.org","@graph":[{"@type":"WebPage","@id":"https:\/\/www.schwarz-transport.cz\/zasady-ochrany-osobnich-udaju\/","url":"https:\/\/www.schwarz-transport.cz\/zasady-ochrany-osobnich-udaju\/","name":"Z\u00e1sady ochrany osobn\u00edch \u00fadaj\u016f - Schwarz-transport s.r.o.","isPartOf":{"@id":"https:\/\/www.schwarz-transport.cz\/#website"},"datePublished":"2024-01-18T17:14:31+00:00","dateModified":"2024-07-23T10:54:23+00:00","breadcrumb":{"@id":"https:\/\/www.schwarz-transport.cz\/zasady-ochrany-osobnich-udaju\/#breadcrumb"},"inLanguage":"en-GB","potentialAction":[{"@type":"ReadAction","target":["https:\/\/www.schwarz-transport.cz\/zasady-ochrany-osobnich-udaju\/"]}]},{"@type":"BreadcrumbList","@id":"https:\/\/www.schwarz-transport.cz\/zasady-ochrany-osobnich-udaju\/#breadcrumb","itemListElement":[{"@type":"ListItem","position":1,"name":"Dom\u016f","item":"https:\/\/www.schwarz-transport.cz\/"},{"@type":"ListItem","position":2,"name":"Z\u00e1sady ochrany osobn\u00edch \u00fadaj\u016f"}]},{"@type":"WebSite","@id":"https:\/\/www.schwarz-transport.cz\/#website","url":"https:\/\/www.schwarz-transport.cz\/","name":"Schwarz-transport s.r.o.","description":"Schwarz-Transport s.r.o. \u2013 Spolehliv\u00e1 mezin\u00e1rodn\u00ed i vnitrost\u00e1tn\u00ed doprava, logistika a skladov\u00e1n\u00ed s d\u016frazem na rychlost, bezpe\u010dnost a flexibilitu.","publisher":{"@id":"https:\/\/www.schwarz-transport.cz\/#organization"},"potentialAction":[{"@type":"SearchAction","target":{"@type":"EntryPoint","urlTemplate":"https:\/\/www.schwarz-transport.cz\/?s={search_term_string}"},"query-input":{"@type":"PropertyValueSpecification","valueRequired":true,"valueName":"search_term_string"}}],"inLanguage":"en-GB"},{"@type":"Organization","@id":"https:\/\/www.schwarz-transport.cz\/#organization","name":"Schwarz-transport s.r.o.","url":"https:\/\/www.schwarz-transport.cz\/","logo":{"@type":"ImageObject","inLanguage":"en-GB","@id":"https:\/\/www.schwarz-transport.cz\/#\/schema\/logo\/image\/","url":"https:\/\/www.schwarz-transport.cz\/wp-content\/uploads\/2024\/01\/SCHWRZ-TRANSPOR-logo_CMYK_cerne.svg","contentUrl":"https:\/\/www.schwarz-transport.cz\/wp-content\/uploads\/2024\/01\/SCHWRZ-TRANSPOR-logo_CMYK_cerne.svg","width":714,"height":153,"caption":"Schwarz-transport s.r.o."},"image":{"@id":"https:\/\/www.schwarz-transport.cz\/#\/schema\/logo\/image\/"}}]}},"_links":{"self":[{"href":"https:\/\/www.schwarz-transport.cz\/en\/wp-json\/wp\/v2\/pages\/61","targetHints":{"allow":["GET"]}}],"collection":[{"href":"https:\/\/www.schwarz-transport.cz\/en\/wp-json\/wp\/v2\/pages"}],"about":[{"href":"https:\/\/www.schwarz-transport.cz\/en\/wp-json\/wp\/v2\/types\/page"}],"author":[{"embeddable":true,"href":"https:\/\/www.schwarz-transport.cz\/en\/wp-json\/wp\/v2\/users\/1"}],"replies":[{"embeddable":true,"href":"https:\/\/www.schwarz-transport.cz\/en\/wp-json\/wp\/v2\/comments?post=61"}],"version-history":[{"count":0,"href":"https:\/\/www.schwarz-transport.cz\/en\/wp-json\/wp\/v2\/pages\/61\/revisions"}],"wp:attachment":[{"href":"https:\/\/www.schwarz-transport.cz\/en\/wp-json\/wp\/v2\/media?parent=61"}],"curies":[{"name":"wp","href":"https:\/\/api.w.org\/{rel}","templated":true}]}}