{"id":189,"date":"2024-07-23T13:13:46","date_gmt":"2024-07-23T13:13:46","guid":{"rendered":"https:\/\/www.schwarz-transport.cz\/zasady-cookies-eu\/"},"modified":"2024-07-23T13:25:55","modified_gmt":"2024-07-23T13:25:55","slug":"zasady-cookies-eu","status":"publish","type":"page","link":"https:\/\/www.schwarz-transport.cz\/en\/zasady-cookies-eu\/","title":{"rendered":"Cookie policy"},"content":{"rendered":"Region EU not activated for cookie-statement.","protected":false},"excerpt":{"rendered":"","protected":false},"author":1,"featured_media":0,"parent":0,"menu_order":0,"comment_status":"closed","ping_status":"closed","template":"","meta":{"inline_featured_image":false,"footnotes":""},"class_list":["post-189","page","type-page","status-publish","hentry"],"yoast_head":"<!-- This site is optimized with the Yoast SEO plugin v26.0 - https:\/\/yoast.com\/wordpress\/plugins\/seo\/ -->\n<title>Z\u00e1sady cookies - Schwarz-transport s.r.o.<\/title>\n<meta name=\"robots\" content=\"index, follow, max-snippet:-1, max-image-preview:large, max-video-preview:-1\" \/>\n<link rel=\"canonical\" href=\"http:\/\/www.schwarz-transport.cz\/en\/zasady-cookies-eu\/\" \/>\n<meta property=\"og:locale\" content=\"en_GB\" \/>\n<meta property=\"og:type\" content=\"article\" \/>\n<meta property=\"og:title\" content=\"Z\u00e1sady cookies - Schwarz-transport s.r.o.\" \/>\n<meta property=\"og:url\" content=\"http:\/\/www.schwarz-transport.cz\/en\/zasady-cookies-eu\/\" \/>\n<meta property=\"og:site_name\" content=\"Schwarz-transport s.r.o.\" \/>\n<meta property=\"article:modified_time\" content=\"2024-07-23T13:25:55+00:00\" \/>\n<meta name=\"twitter:card\" content=\"summary_large_image\" \/>\n<meta name=\"twitter:label1\" content=\"Estimated reading time\" \/>\n\t<meta name=\"twitter:data1\" content=\"1 minute\" \/>\n<script type=\"application\/ld+json\" class=\"yoast-schema-graph\">{\"@context\":\"https:\/\/schema.org\",\"@graph\":[{\"@type\":\"WebPage\",\"@id\":\"http:\/\/www.schwarz-transport.cz\/zasady-cookies-eu\/\",\"url\":\"http:\/\/www.schwarz-transport.cz\/zasady-cookies-eu\/\",\"name\":\"Z\u00e1sady cookies - Schwarz-transport s.r.o.\",\"isPartOf\":{\"@id\":\"http:\/\/www.schwarz-transport.cz\/#website\"},\"datePublished\":\"2024-07-23T13:13:46+00:00\",\"dateModified\":\"2024-07-23T13:25:55+00:00\",\"breadcrumb\":{\"@id\":\"http:\/\/www.schwarz-transport.cz\/zasady-cookies-eu\/#breadcrumb\"},\"inLanguage\":\"en-GB\",\"potentialAction\":[{\"@type\":\"ReadAction\",\"target\":[\"http:\/\/www.schwarz-transport.cz\/zasady-cookies-eu\/\"]}]},{\"@type\":\"BreadcrumbList\",\"@id\":\"http:\/\/www.schwarz-transport.cz\/zasady-cookies-eu\/#breadcrumb\",\"itemListElement\":[{\"@type\":\"ListItem\",\"position\":1,\"name\":\"Dom\u016f\",\"item\":\"http:\/\/www.schwarz-transport.cz\/\"},{\"@type\":\"ListItem\",\"position\":2,\"name\":\"Z\u00e1sady cookies\"}]},{\"@type\":\"WebSite\",\"@id\":\"http:\/\/www.schwarz-transport.cz\/#website\",\"url\":\"http:\/\/www.schwarz-transport.cz\/\",\"name\":\"Schwarz-transport s.r.o.\",\"description\":\"Schwarz-Transport s.r.o. \u2013 Spolehliv\u00e1 mezin\u00e1rodn\u00ed i vnitrost\u00e1tn\u00ed doprava, logistika a skladov\u00e1n\u00ed s d\u016frazem na rychlost, bezpe\u010dnost a flexibilitu.\",\"publisher\":{\"@id\":\"http:\/\/www.schwarz-transport.cz\/#organization\"},\"potentialAction\":[{\"@type\":\"SearchAction\",\"target\":{\"@type\":\"EntryPoint\",\"urlTemplate\":\"http:\/\/www.schwarz-transport.cz\/?s={search_term_string}\"},\"query-input\":{\"@type\":\"PropertyValueSpecification\",\"valueRequired\":true,\"valueName\":\"search_term_string\"}}],\"inLanguage\":\"en-GB\"},{\"@type\":\"Organization\",\"@id\":\"http:\/\/www.schwarz-transport.cz\/#organization\",\"name\":\"Schwarz-transport s.r.o.\",\"url\":\"http:\/\/www.schwarz-transport.cz\/\",\"logo\":{\"@type\":\"ImageObject\",\"inLanguage\":\"en-GB\",\"@id\":\"http:\/\/www.schwarz-transport.cz\/#\/schema\/logo\/image\/\",\"url\":\"https:\/\/www.schwarz-transport.cz\/wp-content\/uploads\/2024\/01\/SCHWRZ-TRANSPOR-logo_CMYK_cerne.svg\",\"contentUrl\":\"https:\/\/www.schwarz-transport.cz\/wp-content\/uploads\/2024\/01\/SCHWRZ-TRANSPOR-logo_CMYK_cerne.svg\",\"width\":714,\"height\":153,\"caption\":\"Schwarz-transport s.r.o.\"},\"image\":{\"@id\":\"http:\/\/www.schwarz-transport.cz\/#\/schema\/logo\/image\/\"}}]}<\/script>\n<!-- \/ Yoast SEO plugin. -->","yoast_head_json":{"title":"Z\u00e1sady cookies - Schwarz-transport s.r.o.","robots":{"index":"index","follow":"follow","max-snippet":"max-snippet:-1","max-image-preview":"max-image-preview:large","max-video-preview":"max-video-preview:-1"},"canonical":"http:\/\/www.schwarz-transport.cz\/en\/zasady-cookies-eu\/","og_locale":"en_GB","og_type":"article","og_title":"Z\u00e1sady cookies - Schwarz-transport s.r.o.","og_url":"http:\/\/www.schwarz-transport.cz\/en\/zasady-cookies-eu\/","og_site_name":"Schwarz-transport s.r.o.","article_modified_time":"2024-07-23T13:25:55+00:00","twitter_card":"summary_large_image","twitter_misc":{"Estimated reading time":"1 minute"},"schema":{"@context":"https:\/\/schema.org","@graph":[{"@type":"WebPage","@id":"http:\/\/www.schwarz-transport.cz\/zasady-cookies-eu\/","url":"http:\/\/www.schwarz-transport.cz\/zasady-cookies-eu\/","name":"Z\u00e1sady cookies - Schwarz-transport s.r.o.","isPartOf":{"@id":"http:\/\/www.schwarz-transport.cz\/#website"},"datePublished":"2024-07-23T13:13:46+00:00","dateModified":"2024-07-23T13:25:55+00:00","breadcrumb":{"@id":"http:\/\/www.schwarz-transport.cz\/zasady-cookies-eu\/#breadcrumb"},"inLanguage":"en-GB","potentialAction":[{"@type":"ReadAction","target":["http:\/\/www.schwarz-transport.cz\/zasady-cookies-eu\/"]}]},{"@type":"BreadcrumbList","@id":"http:\/\/www.schwarz-transport.cz\/zasady-cookies-eu\/#breadcrumb","itemListElement":[{"@type":"ListItem","position":1,"name":"Dom\u016f","item":"http:\/\/www.schwarz-transport.cz\/"},{"@type":"ListItem","position":2,"name":"Z\u00e1sady cookies"}]},{"@type":"WebSite","@id":"http:\/\/www.schwarz-transport.cz\/#website","url":"http:\/\/www.schwarz-transport.cz\/","name":"Schwarz-transport s.r.o.","description":"Schwarz-Transport s.r.o. \u2013 Spolehliv\u00e1 mezin\u00e1rodn\u00ed i vnitrost\u00e1tn\u00ed doprava, logistika a skladov\u00e1n\u00ed s d\u016frazem na rychlost, bezpe\u010dnost a flexibilitu.","publisher":{"@id":"http:\/\/www.schwarz-transport.cz\/#organization"},"potentialAction":[{"@type":"SearchAction","target":{"@type":"EntryPoint","urlTemplate":"http:\/\/www.schwarz-transport.cz\/?s={search_term_string}"},"query-input":{"@type":"PropertyValueSpecification","valueRequired":true,"valueName":"search_term_string"}}],"inLanguage":"en-GB"},{"@type":"Organization","@id":"http:\/\/www.schwarz-transport.cz\/#organization","name":"Schwarz-transport s.r.o.","url":"http:\/\/www.schwarz-transport.cz\/","logo":{"@type":"ImageObject","inLanguage":"en-GB","@id":"http:\/\/www.schwarz-transport.cz\/#\/schema\/logo\/image\/","url":"https:\/\/www.schwarz-transport.cz\/wp-content\/uploads\/2024\/01\/SCHWRZ-TRANSPOR-logo_CMYK_cerne.svg","contentUrl":"https:\/\/www.schwarz-transport.cz\/wp-content\/uploads\/2024\/01\/SCHWRZ-TRANSPOR-logo_CMYK_cerne.svg","width":714,"height":153,"caption":"Schwarz-transport s.r.o."},"image":{"@id":"http:\/\/www.schwarz-transport.cz\/#\/schema\/logo\/image\/"}}]}},"_links":{"self":[{"href":"https:\/\/www.schwarz-transport.cz\/en\/wp-json\/wp\/v2\/pages\/189","targetHints":{"allow":["GET"]}}],"collection":[{"href":"https:\/\/www.schwarz-transport.cz\/en\/wp-json\/wp\/v2\/pages"}],"about":[{"href":"https:\/\/www.schwarz-transport.cz\/en\/wp-json\/wp\/v2\/types\/page"}],"author":[{"embeddable":true,"href":"https:\/\/www.schwarz-transport.cz\/en\/wp-json\/wp\/v2\/users\/1"}],"replies":[{"embeddable":true,"href":"https:\/\/www.schwarz-transport.cz\/en\/wp-json\/wp\/v2\/comments?post=189"}],"version-history":[{"count":2,"href":"https:\/\/www.schwarz-transport.cz\/en\/wp-json\/wp\/v2\/pages\/189\/revisions"}],"predecessor-version":[{"id":193,"href":"https:\/\/www.schwarz-transport.cz\/en\/wp-json\/wp\/v2\/pages\/189\/revisions\/193"}],"wp:attachment":[{"href":"https:\/\/www.schwarz-transport.cz\/en\/wp-json\/wp\/v2\/media?parent=189"}],"curies":[{"name":"wp","href":"https:\/\/api.w.org\/{rel}","templated":true}]}}